{"id":1197,"date":"2021-07-27T08:53:42","date_gmt":"2021-07-27T07:53:42","guid":{"rendered":"https:\/\/crikvenica-vinodol.com\/?page_id=1197"},"modified":"2024-08-19T09:53:54","modified_gmt":"2024-08-19T08:53:54","slug":"datenschutzerklaerung","status":"publish","type":"page","link":"https:\/\/crikvenica-vinodol.com\/de\/datenschutzerklaerung\/","title":{"rendered":"Datenschutzerkl\u00e4rung"},"content":{"rendered":"<p>[et_pb_section fb_built=&#8220;1&#8243; admin_label=&#8220;section&#8220; _builder_version=&#8220;4.16&#8243; global_colors_info=&#8220;{}&#8220;][et_pb_row admin_label=&#8220;row&#8220; _builder_version=&#8220;4.16&#8243; background_size=&#8220;initial&#8220; background_position=&#8220;top_left&#8220; background_repeat=&#8220;repeat&#8220; global_colors_info=&#8220;{}&#8220;][et_pb_column type=&#8220;4_4&#8243; _builder_version=&#8220;4.16&#8243; custom_padding=&#8220;|||&#8220; global_colors_info=&#8220;{}&#8220; custom_padding__hover=&#8220;|||&#8220;][et_pb_text admin_label=&#8220;Text&#8220; _builder_version=&#8220;4.17.4&#8243; background_size=&#8220;initial&#8220; background_position=&#8220;top_left&#8220; background_repeat=&#8220;repeat&#8220; global_colors_info=&#8220;{}&#8220;]<\/p>\n<p><strong>DATENSCHUTZERKL\u00c4RUNG<\/strong><\/p>\n<p><span>Bitte lesen Sie unsere Datenschutzerkl\u00e4rung (nachfolgend: Erkl\u00e4rung) sorgf\u00e4ltig und vollst\u00e4ndig. Bitte \u00fcberpr\u00fcfen Sie die Erkl\u00e4rung periodisch auf m\u00f6gliche \u00c4nderungen, die auf der Website angezeigt werden.<\/span><\/p>\n<p><span>Durch den Zugriff auf unsere Website <a href=\"http:\/\/www.crikvenica-vinodol.com\">www.crikvenica-vinodol.com<\/a> erkl\u00e4ren Sie sich damit einverstanden, dass Sie unsere Datenschutzerkl\u00e4rung und Nutzungsbedingungen gelesen, verstanden und akzeptiert haben. Beim St\u00f6bern auf unserer offiziellen Website werden Ihre pers\u00f6nlichen Daten nicht erfasst.<\/span><\/p>\n<p><span>Die offizielle Website <a href=\"http:\/\/www.crikvenica-vinodol.com\">www.crikvenica-vinodol.com<\/a> wird von folgenden Institutionen verwaltet:<\/span><\/p>\n<p><span>TOURISMUSVERBAND DER STADT CRIKVENICA, mit Sitz in Crikvenica, Adresse: Trg Stjepana Radi\u0107a 1c, OIB (Steuernummer): 78748346087, <a href=\"http:\/\/www.rivieracrikvenica.com\">www.rivieracrikvenica.com<\/a> <\/span><\/p>\n<p><span>TOURISMUSVERBAND DER STADT NOVI VINODOLSKI, mit Sitz in Novi Vinodolski, Adresse: Kralja Tomislava 6, OIB (Steuernummer): 80158899149, <a href=\"http:\/\/www.tz-novi-vinodolski.hr\">www.tz-novi-vinodolski.hr<\/a> <\/span><\/p>\n<p><span>TOURISMUSVERBAND DER GEMEINDE VINODOL, mit Sitz in Bribir, Bribir 1, OIB (Steuernummer): 56947042102, <a href=\"http:\/\/www.tz-vinodol.hr\">www.tz-vinodol.hr<\/a>, <\/span><\/p>\n<p><span>(nachfolgend: Datenverantwortlichen)<\/span><\/p>\n<p>&nbsp;<\/p>\n<p><span>Die Datenverantwortlichen erheben personenbezogene Daten der betroffenen Personen, die zur Erf\u00fcllung seiner Aufgaben erforderlich sind, und verpflichtet sich zum Schutz personenbezogener Daten aktueller und zuk\u00fcnftiger betroffener Personen gem\u00e4\u00df der VERORDNUNG (EU) 2016\/679 DES EUROP\u00c4ISCHEN PARLAMENTS UND DES RATES ZUM SCHUTZ NAT\u00dcRLICHER PERSONEN BEI DER VERARBEITUNG PERSONENBEZOGENER DATEN UND ZUM FREIEN DATENVERKEHR (DSGVO) (nachfolgend: Verordnung). Die Datenverarbeitung unterliegt der rechtm\u00e4\u00dfigen Verarbeitung gem\u00e4\u00df Artikel 6 der Verordnung.<\/span><\/p>\n<p><span>Alle personenbezogenen Daten betroffener Personen sind streng gesch\u00fctzt und stehen nur Datenverantwortlichen zur Verf\u00fcgung, die diese Daten zur Erf\u00fcllung ihrer Aufgaben ben\u00f6tigen. Die Datenverantwortlichen sind f\u00fcr die Einhaltung der Grunds\u00e4tze der Verarbeitung personenbezogener Daten und der Rechtm\u00e4\u00dfigkeit der Verarbeitung verantwortlich.<\/span><\/p>\n<p><span>Vor der Erhebung der Daten der betroffenen Person informieren die Datenverantwortliche die betroffene Person \u00fcber die Rechtm\u00e4\u00dfigkeit der Verarbeitung, die Bedingungen und den Zweck der Erhebung und Verarbeitung der Daten, \u00fcber den Verantwortlichen, die Kontaktdaten des Datenschutzbeauftragten, die Rechtsgrundlage f\u00fcr die Verarbeitung, die Empf\u00e4nger oder Kategorien von Empf\u00e4ngern der personenbezogenen Daten nach Bedarf, den Zeitraum, in dem die personenbezogenen Daten gespeichert werden, oder die Kriterien, die f\u00fcr die Festlegung dieses Zeitraums angewandt wurden. Au\u00dfer zum angegebenen Zweck werden Ihre Daten von uns nicht an dritte nat\u00fcrliche oder juristische Personen bzw. L\u00e4nder weitergegeben, vermietet, verkauft oder diesen zur Verf\u00fcgung gestellt.<\/span><\/p>\n<p><span>Die betroffenen Personen k\u00f6nnen entscheiden, wie ihre personenbezogenen Daten verwendet werden und ob ihr Name aus den Listen entfernt werden soll, die f\u00fcr Werbekampagnen verwendet werden k\u00f6nnen.<\/span><\/p>\n<p><span>In \u00dcbereinstimmung mit unserer Aufgabe, die von \u00f6ffentlichem Interesse ist, ver\u00f6ffentlichen wir Fotos, die bei \u00f6ffentlichen Versammlungen aufgenommen wurden, auf unserer offiziellen Website, um f\u00fcr unsere Aktivit\u00e4ten zu werben.<\/span><\/p>\n<p><span>\u00a0<\/span><\/p>\n<p><strong>Website-Analyse mit Google Analytics:<\/strong><\/p>\n<p><span>Diese Website nutzt Google Analytics, einen Webanalysedienst der Google Inc., 1600 Amphitheatre Parkway, Mountain View, CA 94043, USA (\u2018Google\u2019) zur kontinuierlichen Verbesserung unserer Website. Google Analytics verwendet sog. \u201eCookies\u201c, die auf Ihrem Computer gespeichert werden und die eine Analyse der Benutzung der Website durch Sie erm\u00f6glichen. Die durch die Cookies erzeugten Informationen \u00fcber Ihre Nutzung dieser Website werden in der Regel an einen Server von Google in Europa (bzw. in einem Mitgliedstaat des Europ\u00e4ischen Wirtschaftsraums) zur Anonymisierung Ihrer IP-Adresse gesendet, so dass eine Personenbeziehbarkeit ausgeschlossen ist. Erst nach der Anonymisierung der IP-Adresse wird die gek\u00fcrzte IP-Adresse an einen Server von Google in den USA \u00fcbermittelt und dort gespeichert. Nur in Ausnahmef\u00e4llen wird die volle IP-Adresse an einen Server von Google in den USA \u00fcbertragen und dort gek\u00fcrzt. Auf dieser Website wird Google Analytics mit einer Erweiterung zur anonymisierten Erfassung von IP-Adressen (sog. IP-Masking) eingesetzt. In unserem Auftrag wird Google die gesammelten Informationen benutzen, um Ihre Nutzung der Website auszuwerten, um Berichte \u00fcber die Websiteaktivit\u00e4ten zusammenzustellen und um weitere mit der Websitenutzung verbundene Dienstleistungen uns zu erbringen. Die im Rahmen von Google Analytics von Ihrem Browser \u00fcbermittelte IP-Adresse wird nicht mit anderen Daten von Google zusammengef\u00fchrt. Sie k\u00f6nnen die Speicherung der Cookies durch eine entsprechende Einstellung Ihrer Browser-Software verhindern. Wir weisen Sie jedoch darauf hin, dass Sie in diesem Fall gegebenenfalls nicht s\u00e4mtliche Funktionen dieser Website vollumf\u00e4nglich werden nutzen k\u00f6nnen. Sie k\u00f6nnen dar\u00fcber hinaus die Erfassung der durch das Cookie erzeugten und auf Ihr Nutzungsverhalten auf der Website bezogenen Daten (einschlie\u00dflich Ihrer IP-Adresse) seitens Google sowie die Verarbeitung der Daten durch Google verhindern, indem Sie das unter dem folgenden Link verf\u00fcgbare Browser-Plugin herunterladen und installieren: http:\/\/tools.google.com\/dlpage\/gaoptout?hl=de.<\/span><\/p>\n<p><span>Dadurch wird ein Opt-out-Cookie gesetzt, welches die zuk\u00fcnftige Erfassung Ihrer Daten beim Besuch dieser Website verhindert. Alternativ k\u00f6nnen Sie den folgenden Link verwenden, um zu verhindern, dass Daten an Google gesendet und von Google verarbeitet werden. Weitere Informationen zum Datenschutz bei der Verwendung von Google Analytics finden Sie hier https:\/\/www.google.com\/analytics\/terms\/ bzw. unter http:\/\/www.google.com\/intl\/de\/analytics\/privacyoverview.html.<\/span><\/p>\n<p><span>\u00a0<\/span><\/p>\n<p><strong>Cookies<\/strong><\/p>\n<p><span>Diese Website verwendet Cookies, um Ihr Surferlebnis zu verbessern. Cookies sind kleine Textdateien, die auf Ihrem Rechner gespeichert werden. Mindestens 90% aller Websites verwenden dieses Tool, dennoch sind wir gem\u00e4\u00df Verordnung der Europ\u00e4ischen Union vom Mai 2011 verpflichtet, vor dem Speichern des Cookies Ihre Einwilligung einzuholen. Mit der Nutzung dieser Website erkl\u00e4ren Sie sich damit einverstanden, dass wir Cookies verwenden. Wenn Sie die Cookies deaktivieren, k\u00f6nnen Sie auch weiterhin auf unserer Website st\u00f6bern. Allerdings werden in diesem Fall bestimmte Funktionen eingeschr\u00e4nkt.<\/span><\/p>\n<p><span>\u00a0<\/span><\/p>\n<p><strong>Wie k\u00f6nnen Cookies deaktiviert werden?<\/strong><\/p>\n<p><span>Durch das Deaktivieren von Cookies entscheiden Sie, ob diese auf Ihrem Computer gespeichert werden sollen. Die Cookie-Einstellungen k\u00f6nnen in Ihrem Internetbrowser gesteuert und konfiguriert werden. W\u00e4hlen Sie f\u00fcr mehr Informationen zu den Cookie-Einstellungen den von Ihnen verwendeten Internetbrowser aus.<\/span><\/p>\n<p><span>Bei Fragen zur Verarbeitung personenbezogener Daten bzw. zum Recht auf Berichtigung, L\u00f6schung oder Einschr\u00e4nkung personenbezogener Daten oder zum Widerspruchsrecht wenden Sie sich bitte an unseren Datenschutzbeauftragten.<\/span><\/p>\n<p><span>\u00a0<\/span><\/p>\n<p><span>Offizielle Kontaktdaten unseres Datenschutzbeauftragten:<\/span><\/p>\n<p><span>Diana Joana Ko\u0161uljandi\u0107<\/span><\/p>\n<p><span>Trg Stjepana Radi\u0107a 1c, 51260 Crikvenica<\/span><\/p>\n<p><span>+385 (0)51 241 051<\/span><\/p>\n<p><span>diana@tzg-crikvenice.hr<\/span><\/p>\n<p><!-- \/wp:paragraph --><\/p>\n<p>[\/et_pb_text][\/et_pb_column][\/et_pb_row][\/et_pb_section]<\/p>\n","protected":false},"excerpt":{"rendered":"<p>DATENSCHUTZERKL\u00c4RUNG Bitte lesen Sie unsere Datenschutzerkl\u00e4rung (nachfolgend: Erkl\u00e4rung) sorgf\u00e4ltig und vollst\u00e4ndig. Bitte \u00fcberpr\u00fcfen Sie die Erkl\u00e4rung periodisch auf m\u00f6gliche \u00c4nderungen, die auf der Website angezeigt werden. Durch den Zugriff auf unsere Website www.crikvenica-vinodol.com erkl\u00e4ren Sie sich damit einverstanden, dass Sie unsere Datenschutzerkl\u00e4rung und Nutzungsbedingungen gelesen, verstanden und akzeptiert haben. Beim St\u00f6bern auf unserer offiziellen Website [&hellip;]<\/p>\n","protected":false},"author":3,"featured_media":0,"parent":0,"menu_order":0,"comment_status":"closed","ping_status":"closed","template":"","meta":{"_et_pb_use_builder":"on","_et_pb_old_content":"","_et_gb_content_width":"","footnotes":""},"class_list":["post-1197","page","type-page","status-publish","hentry"],"_links":{"self":[{"href":"https:\/\/crikvenica-vinodol.com\/de\/wp-json\/wp\/v2\/pages\/1197"}],"collection":[{"href":"https:\/\/crikvenica-vinodol.com\/de\/wp-json\/wp\/v2\/pages"}],"about":[{"href":"https:\/\/crikvenica-vinodol.com\/de\/wp-json\/wp\/v2\/types\/page"}],"author":[{"embeddable":true,"href":"https:\/\/crikvenica-vinodol.com\/de\/wp-json\/wp\/v2\/users\/3"}],"replies":[{"embeddable":true,"href":"https:\/\/crikvenica-vinodol.com\/de\/wp-json\/wp\/v2\/comments?post=1197"}],"version-history":[{"count":11,"href":"https:\/\/crikvenica-vinodol.com\/de\/wp-json\/wp\/v2\/pages\/1197\/revisions"}],"predecessor-version":[{"id":2078,"href":"https:\/\/crikvenica-vinodol.com\/de\/wp-json\/wp\/v2\/pages\/1197\/revisions\/2078"}],"wp:attachment":[{"href":"https:\/\/crikvenica-vinodol.com\/de\/wp-json\/wp\/v2\/media?parent=1197"}],"curies":[{"name":"wp","href":"https:\/\/api.w.org\/{rel}","templated":true}]}}