{"id":1176,"date":"2021-09-23T09:47:34","date_gmt":"2021-09-23T08:47:34","guid":{"rendered":"https:\/\/crikvenica-vinodol.com\/destinacija\/vinodol\/"},"modified":"2024-08-19T09:53:54","modified_gmt":"2024-08-19T08:53:54","slug":"vinodol","status":"publish","type":"page","link":"https:\/\/crikvenica-vinodol.com\/de\/destinazion\/vinodol\/","title":{"rendered":"Vinodol"},"content":{"rendered":"<p>[et_pb_section fb_built=&#8220;1&#8243; custom_padding_last_edited=&#8220;on|phone&#8220; _builder_version=&#8220;4.16&#8243; background_color_gradient_direction=&#8220;200deg&#8220; background_image=&#8220;https:\/\/crikvenica-vinodol.com\/wp-content\/uploads\/2021\/09\/crikvenicko-vinodolska-rivijera-vinodol_1.jpg&#8220; parallax=&#8220;on&#8220; custom_padding=&#8220;20vw|10vw|20vw|0px|true|false&#8220; custom_padding_tablet=&#8220;&#8220; custom_padding_phone=&#8220;|10vw||&#8220; animation_style=&#8220;fade&#8220; animation_starting_opacity=&#8220;5%&#8220; animation_speed_curve=&#8220;ease-out&#8220; border_radii=&#8220;||||16vw&#8220; global_colors_info=&#8220;{}&#8220;][et_pb_row _builder_version=&#8220;4.16&#8243; global_colors_info=&#8220;{}&#8220;][et_pb_column type=&#8220;4_4&#8243; _builder_version=&#8220;4.16&#8243; custom_padding=&#8220;|||&#8220; global_colors_info=&#8220;{}&#8220; custom_padding__hover=&#8220;|||&#8220;][et_pb_text _builder_version=&#8220;4.16&#8243; text_font=&#8220;||||||||&#8220; header_font_size=&#8220;140px&#8220; header_6_font=&#8220;Open Sans|700||on|||||&#8220; header_6_letter_spacing=&#8220;5px&#8220; header_6_line_height=&#8220;1.6em&#8220; background_layout=&#8220;dark&#8220; max_width_tablet=&#8220;100%&#8220; max_width_last_edited=&#8220;off|desktop&#8220; module_alignment=&#8220;left&#8220; animation_style=&#8220;zoom&#8220; animation_intensity_zoom=&#8220;5%&#8220; header_font_tablet=&#8220;&#8220; header_font_phone=&#8220;&#8220; header_font_last_edited=&#8220;on|phone&#8220; header_font_size_tablet=&#8220;80px&#8220; header_font_size_phone=&#8220;60px&#8220; header_font_size_last_edited=&#8220;on|desktop&#8220; header_6_font_size_tablet=&#8220;&#8220; header_6_font_size_phone=&#8220;&#8220; header_6_font_size_last_edited=&#8220;on|desktop&#8220; text_text_shadow_style=&#8220;preset3&#8243; text_text_shadow_blur_strength=&#8220;3em&#8220; text_text_shadow_color=&#8220;rgba(22,29,67,0.24)&#8220; locked=&#8220;off&#8220; global_colors_info=&#8220;{}&#8220; header_5_font_size__hover=&#8220;16px&#8220; header_5_font_size__hover_enabled=&#8220;16px&#8220; header_5_letter_spacing__hover=&#8220;0px&#8220; header_5_letter_spacing__hover_enabled=&#8220;0px&#8220; header_5_line_height__hover=&#8220;1em&#8220; header_5_line_height__hover_enabled=&#8220;1em&#8220; header_5_text_shadow_style__hover=&#8220;none&#8220; header_5_text_shadow_style__hover_enabled=&#8220;none&#8220; header_5_text_shadow_color__hover=&#8220;rgba(0,0,0,0.4)&#8220; header_5_text_shadow_color__hover_enabled=&#8220;rgba(0,0,0,0.4)&#8220;]<\/p>\n<h1>Vinodol<\/h1>\n<p>[\/et_pb_text][\/et_pb_column][\/et_pb_row][\/et_pb_section][et_pb_section fb_built=&#8220;1&#8243; admin_label=&#8220;Packages&#8220; _builder_version=&#8220;4.16&#8243; custom_padding=&#8220;0|0px|0|0px|false|false&#8220; locked=&#8220;off&#8220; global_colors_info=&#8220;{}&#8220;][et_pb_row column_structure=&#8220;3_5,2_5&#8243; use_custom_gutter=&#8220;on&#8220; gutter_width=&#8220;1&#8243; make_equal=&#8220;on&#8220; padding_top_bottom_link_1=&#8220;false&#8220; padding_left_right_link_1=&#8220;true&#8220; _builder_version=&#8220;4.16&#8243; width=&#8220;100%&#8220; max_width=&#8220;100%&#8220; module_alignment=&#8220;right&#8220; custom_padding=&#8220;0px|0px|0px|0px|true|false&#8220; use_custom_width=&#8220;on&#8220; width_unit=&#8220;off&#8220; custom_width_percent=&#8220;100%&#8220; global_colors_info=&#8220;{}&#8220;][et_pb_column type=&#8220;3_5&#8243; _builder_version=&#8220;4.16&#8243; custom_padding=&#8220;80px|8vw|40px|8vw&#8220; custom_padding_tablet=&#8220;||&#8220; custom_padding_last_edited=&#8220;off|desktop&#8220; global_colors_info=&#8220;{}&#8220; padding_tablet=&#8220;||&#8220; padding_last_edited=&#8220;off|desktop&#8220; custom_padding__hover=&#8220;|||&#8220;][et_pb_text _builder_version=&#8220;4.17.1&#8243; text_font=&#8220;||||||||&#8220; text_line_height=&#8220;2em&#8220; header_font=&#8220;||||||||&#8220; header_2_font_size=&#8220;50px&#8220; header_2_line_height=&#8220;1.4em&#8220; header_3_text_color=&#8220;#0087AE&#8220; header_3_letter_spacing=&#8220;5px&#8220; header_3_line_height=&#8220;1.8em&#8220; max_width=&#8220;600px&#8220; module_alignment=&#8220;center&#8220; animation_style=&#8220;zoom&#8220; animation_intensity_zoom=&#8220;5%&#8220; header_font_size_tablet=&#8220;&#8220; header_font_size_phone=&#8220;&#8220; header_font_size_last_edited=&#8220;on|phone&#8220; header_2_font_size_tablet=&#8220;40px&#8220; header_2_font_size_phone=&#8220;28px&#8220; header_2_font_size_last_edited=&#8220;on|phone&#8220; header_3_font_tablet=&#8220;&#8220; header_3_font_phone=&#8220;&#8220; header_3_font_last_edited=&#8220;on|tablet&#8220; header_3_font_size_tablet=&#8220;&#8220; header_3_font_size_phone=&#8220;&#8220; header_3_font_size_last_edited=&#8220;on|phone&#8220; locked=&#8220;off&#8220; global_colors_info=&#8220;{}&#8220; header_5_font_size__hover=&#8220;16px&#8220; header_5_font_size__hover_enabled=&#8220;16px&#8220; header_5_letter_spacing__hover=&#8220;0px&#8220; header_5_letter_spacing__hover_enabled=&#8220;0px&#8220; header_5_line_height__hover=&#8220;1em&#8220; header_5_line_height__hover_enabled=&#8220;1em&#8220; header_5_text_shadow_style__hover=&#8220;none&#8220; header_5_text_shadow_style__hover_enabled=&#8220;none&#8220; header_5_text_shadow_color__hover=&#8220;rgba(0,0,0,0.4)&#8220; header_5_text_shadow_color__hover_enabled=&#8220;rgba(0,0,0,0.4)&#8220; header_font_size__hover=&#8220;30px&#8220; header_font_size__hover_enabled=&#8220;30px&#8220; header_letter_spacing__hover=&#8220;0px&#8220; header_letter_spacing__hover_enabled=&#8220;0px&#8220; header_text_shadow_style__hover=&#8220;none&#8220; header_text_shadow_style__hover_enabled=&#8220;none&#8220; header_text_shadow_color__hover=&#8220;rgba(0,0,0,0.4)&#8220; header_text_shadow_color__hover_enabled=&#8220;rgba(0,0,0,0.4)&#8220; header_6_font_size__hover=&#8220;14px&#8220; header_6_font_size__hover_enabled=&#8220;14px&#8220; header_6_letter_spacing__hover=&#8220;0px&#8220; header_6_letter_spacing__hover_enabled=&#8220;0px&#8220; header_6_line_height__hover=&#8220;1em&#8220; header_6_line_height__hover_enabled=&#8220;1em&#8220; header_6_text_shadow_style__hover=&#8220;none&#8220; header_6_text_shadow_style__hover_enabled=&#8220;none&#8220; header_6_text_shadow_color__hover=&#8220;rgba(0,0,0,0.4)&#8220; header_6_text_shadow_color__hover_enabled=&#8220;rgba(0,0,0,0.4)&#8220;]<\/p>\n<h2>Vinodol<\/h2>\n<p>In diesem Gebiet trug die verschlungene Rebe zur L\u00f6sung zahlreicher historischer Ereignisse bei. Die einheimischen Sorten sind so tief verwurzelt, dass sie auch heute noch \u00fcber jahrtausendalte Geschichten erz\u00e4hlen. Die Schl\u00f6sser von Vinodol enth\u00fcllen die Geheimnisse der Vergangenheit und des einmaligen Kulturerbes der F\u00fcrsten von Zrinski und Frankopan, die Sie interessanten Geschichtsereignissen n\u00e4her bringen werden. <\/p>\n<p>Die ber\u00fchmteste Weinsorte hei\u00dft \u017dlahtina, sie harmoniert perfekt mit den autochthonen Spezialit\u00e4ten. Diese werden nach Rezepten zubereitet, die \u2013 zur Anregung Ihrer Geschmacksknospen \u2013 auch die eine oder andere Geheimzutat enthalten. <\/p>\n<p>Dank der Gel\u00e4ndekonfiguration in Vinodol k\u00f6nnen Sie nicht nur zahlreichen Aktivit\u00e4ten fr\u00f6nen, sondern sich auch an Ihrer Unterkunft in einer Vielzahl von authentischen Landh\u00e4usern oder Bergh\u00fctten erfreuen \u2013 ganz Ihrer eigenen Stimmung und Ihren W\u00fcnschen entsprechend. <\/p>\n<p>Der Tribalj-See eignet sich hervorragend zum Sportfischen und zur Erholung von der Sommerhitze. Bei den \u201eAugen von Vinodol&#8220; handelt es sich um eine Serie von sechs Aussichtspunkten, von denen sich je drei auf dem Gebiet von Vinodol und Novi Vinodolski befinden und von denen aus man unvergessliche Ausblicke genie\u00dfen kann.<br \/>\nJulije Klovi\u0107, einer der gr\u00f6\u00dften kroatischen Renaissance-K\u00fcnstler, auch als &#8222;Miniaturen-Michelangelo&#8220; bekannt, wurde in der Region Vinodol geboren. Das Klovi\u0107-Haus in Gri\u017eane pflegt die Gedenksammlung an ihn sorgf\u00e4ltig.<br \/>\nDer Turan-Turm in Bribir ist ein Interpretationszentrum der kulturellen und touristischen Tour \u201eAuf den Spuren derer von Frankopan&#8220; (kroat. Putovima Frankopana).<br \/>\nG\u00f6nnen Sie sich die \u00dcberraschungen verborgener Sch\u00f6nheiten, geheimnisvoller historischer Geschichten und Traditionen sowie der Kultur, Gastronomie und Unterhaltung. <\/p>\n<p class=\"p1\"><span class=\"s1\">\u00a0<\/span><\/p>\n<p>[\/et_pb_text][\/et_pb_column][et_pb_column type=&#8220;2_5&#8243; _builder_version=&#8220;4.16&#8243; custom_padding=&#8220;|||&#8220; global_colors_info=&#8220;{}&#8220; custom_padding__hover=&#8220;|||&#8220;][et_pb_image src=&#8220;https:\/\/crikvenica-vinodol.com\/wp-content\/uploads\/2021\/09\/crikvenicko-vinodolska-rivijera-vinodol-bribir.jpg&#8220; title_text=&#8220;crikvenicko-vinodolska-rivijera-vinodol-bribir&#8220; align_tablet=&#8220;center&#8220; align_phone=&#8220;&#8220; align_last_edited=&#8220;on|desktop&#8220; _builder_version=&#8220;4.16&#8243; max_width_tablet=&#8220;500px&#8220; max_width_phone=&#8220;&#8220; max_width_last_edited=&#8220;on|desktop&#8220; module_alignment=&#8220;left&#8220; border_radii=&#8220;|||14vw|&#8220; global_colors_info=&#8220;{}&#8220;][\/et_pb_image][\/et_pb_column][\/et_pb_row][\/et_pb_section][et_pb_section fb_built=&#8220;1&#8243; custom_padding_last_edited=&#8220;on|phone&#8220; _builder_version=&#8220;4.16&#8243; background_color_gradient_direction=&#8220;200deg&#8220; background_image=&#8220;https:\/\/crikvenica-vinodol.com\/wp-content\/uploads\/2021\/09\/crikvenica-novi-vinodolski-vinodol-destinacija-.jpg&#8220; parallax=&#8220;on&#8220; width=&#8220;60%&#8220; width_tablet=&#8220;100%&#8220; width_phone=&#8220;&#8220; width_last_edited=&#8220;on|phone&#8220; custom_margin=&#8220;0px||||false|false&#8220; custom_margin_tablet=&#8220;10vh||||false|false&#8220; custom_margin_phone=&#8220;&#8220; custom_margin_last_edited=&#8220;on|desktop&#8220; custom_padding=&#8220;20vw||20vw||true|false&#8220; custom_padding_tablet=&#8220;&#8220; custom_padding_phone=&#8220;|0px|||true|false&#8220; animation_style=&#8220;fade&#8220; animation_starting_opacity=&#8220;5%&#8220; animation_speed_curve=&#8220;ease-out&#8220; border_radii=&#8220;off|16vw|||&#8220; global_colors_info=&#8220;{}&#8220;][et_pb_row _builder_version=&#8220;4.16&#8243; custom_margin_tablet=&#8220;0px||0px||true&#8220; custom_margin_phone=&#8220;&#8220; custom_margin_last_edited=&#8220;on|tablet&#8220; custom_padding=&#8220;||||true&#8220; global_colors_info=&#8220;{}&#8220;][et_pb_column type=&#8220;4_4&#8243; _builder_version=&#8220;4.16&#8243; custom_padding=&#8220;|||&#8220; global_colors_info=&#8220;{}&#8220; custom_padding__hover=&#8220;|||&#8220;][et_pb_button button_url=&#8220;https:\/\/tz-vinodol.hr\/de\/&#8220; url_new_window=&#8220;on&#8220; button_text=&#8220;mehr interessiert f\u00fcr vinodol&#8220; button_alignment=&#8220;center&#8220; button_alignment_tablet=&#8220;&#8220; button_alignment_phone=&#8220;&#8220; button_alignment_last_edited=&#8220;on|desktop&#8220; _builder_version=&#8220;4.17.4&#8243; custom_button=&#8220;on&#8220; button_text_size=&#8220;14px&#8220; button_text_color=&#8220;#ffffff&#8220; button_bg_color=&#8220;#ff9730&#8243; button_bg_color_gradient_type=&#8220;circular&#8220; button_bg_color_gradient_direction_radial=&#8220;top right&#8220; button_bg_color_gradient_stops=&#8220;#20bec6 0%|#36ae71 75%&#8220; button_bg_color_gradient_start=&#8220;#20bec6&#8243; button_bg_color_gradient_end=&#8220;#36ae71&#8243; button_bg_color_gradient_end_position=&#8220;75%&#8220; button_border_width=&#8220;0px&#8220; button_border_color=&#8220;RGBA(0,0,0,0)&#8220; button_border_radius=&#8220;10px&#8220; button_letter_spacing=&#8220;5px&#8220; button_font=&#8220;Open Sans|700||on|||||&#8220; custom_padding=&#8220;30px|30px|30px|30px|true|true&#8220; hover_enabled=&#8220;0&#8243; button_border_radius_hover=&#8220;0px&#8220; locked=&#8220;off&#8220; global_colors_info=&#8220;{}&#8220; button_text_size__hover_enabled=&#8220;off&#8220; button_one_text_size__hover_enabled=&#8220;off&#8220; button_two_text_size__hover_enabled=&#8220;off&#8220; button_text_color__hover_enabled=&#8220;off&#8220; button_one_text_color__hover_enabled=&#8220;off&#8220; button_two_text_color__hover_enabled=&#8220;off&#8220; button_border_width__hover_enabled=&#8220;off&#8220; button_one_border_width__hover_enabled=&#8220;off&#8220; button_two_border_width__hover_enabled=&#8220;off&#8220; button_border_color__hover_enabled=&#8220;off&#8220; button_one_border_color__hover_enabled=&#8220;off&#8220; button_two_border_color__hover_enabled=&#8220;off&#8220; button_border_radius__hover=&#8220;0px&#8220; button_one_border_radius__hover_enabled=&#8220;off&#8220; button_two_border_radius__hover_enabled=&#8220;off&#8220; button_letter_spacing__hover_enabled=&#8220;off&#8220; button_one_letter_spacing__hover_enabled=&#8220;off&#8220; button_two_letter_spacing__hover_enabled=&#8220;off&#8220; button_bg_color__hover_enabled=&#8220;off&#8220; button_one_bg_color__hover_enabled=&#8220;off&#8220; button_two_bg_color__hover_enabled=&#8220;off&#8220; sticky_enabled=&#8220;0&#8243;][\/et_pb_button][\/et_pb_column][\/et_pb_row][\/et_pb_section]<\/p>\n","protected":false},"excerpt":{"rendered":"<p>VinodolVinodol In diesem Gebiet trug die verschlungene Rebe zur L\u00f6sung zahlreicher historischer Ereignisse bei. Die einheimischen Sorten sind so tief verwurzelt, dass sie auch heute noch \u00fcber jahrtausendalte Geschichten erz\u00e4hlen. Die Schl\u00f6sser von Vinodol enth\u00fcllen die Geheimnisse der Vergangenheit und des einmaligen Kulturerbes der F\u00fcrsten von Zrinski und Frankopan, die Sie interessanten Geschichtsereignissen n\u00e4her bringen [&hellip;]<\/p>\n","protected":false},"author":3,"featured_media":0,"parent":1167,"menu_order":0,"comment_status":"closed","ping_status":"closed","template":"","meta":{"_et_pb_use_builder":"on","_et_pb_old_content":"","_et_gb_content_width":"","footnotes":""},"class_list":["post-1176","page","type-page","status-publish","hentry"],"_links":{"self":[{"href":"https:\/\/crikvenica-vinodol.com\/de\/wp-json\/wp\/v2\/pages\/1176"}],"collection":[{"href":"https:\/\/crikvenica-vinodol.com\/de\/wp-json\/wp\/v2\/pages"}],"about":[{"href":"https:\/\/crikvenica-vinodol.com\/de\/wp-json\/wp\/v2\/types\/page"}],"author":[{"embeddable":true,"href":"https:\/\/crikvenica-vinodol.com\/de\/wp-json\/wp\/v2\/users\/3"}],"replies":[{"embeddable":true,"href":"https:\/\/crikvenica-vinodol.com\/de\/wp-json\/wp\/v2\/comments?post=1176"}],"version-history":[{"count":5,"href":"https:\/\/crikvenica-vinodol.com\/de\/wp-json\/wp\/v2\/pages\/1176\/revisions"}],"predecessor-version":[{"id":1972,"href":"https:\/\/crikvenica-vinodol.com\/de\/wp-json\/wp\/v2\/pages\/1176\/revisions\/1972"}],"up":[{"embeddable":true,"href":"https:\/\/crikvenica-vinodol.com\/de\/wp-json\/wp\/v2\/pages\/1167"}],"wp:attachment":[{"href":"https:\/\/crikvenica-vinodol.com\/de\/wp-json\/wp\/v2\/media?parent=1176"}],"curies":[{"name":"wp","href":"https:\/\/api.w.org\/{rel}","templated":true}]}}