{"id":1173,"date":"2021-09-23T09:36:01","date_gmt":"2021-09-23T08:36:01","guid":{"rendered":"https:\/\/crikvenica-vinodol.com\/destinacija\/novi-vinodolski\/"},"modified":"2024-08-19T09:53:54","modified_gmt":"2024-08-19T08:53:54","slug":"novi-vinodolski","status":"publish","type":"page","link":"https:\/\/crikvenica-vinodol.com\/de\/destinazion\/novi-vinodolski\/","title":{"rendered":"Novi Vinodolski"},"content":{"rendered":"<p>[et_pb_section fb_built=&#8220;1&#8243; custom_padding_last_edited=&#8220;on|phone&#8220; _builder_version=&#8220;4.16&#8243; background_color_gradient_direction=&#8220;200deg&#8220; background_image=&#8220;https:\/\/crikvenica-vinodol.com\/wp-content\/uploads\/2021\/09\/crikvenicko-vinodolska-rivijera-novi-vinodolski-2.jpg&#8220; parallax=&#8220;on&#8220; custom_padding=&#8220;20vw|10vw|20vw|0px|true|false&#8220; custom_padding_tablet=&#8220;&#8220; custom_padding_phone=&#8220;|10vw||&#8220; animation_style=&#8220;fade&#8220; animation_starting_opacity=&#8220;5%&#8220; animation_speed_curve=&#8220;ease-out&#8220; border_radii=&#8220;||||16vw&#8220; global_colors_info=&#8220;{}&#8220;][et_pb_row _builder_version=&#8220;4.16&#8243; global_colors_info=&#8220;{}&#8220;][et_pb_column type=&#8220;4_4&#8243; _builder_version=&#8220;4.16&#8243; custom_padding=&#8220;|||&#8220; global_colors_info=&#8220;{}&#8220; custom_padding__hover=&#8220;|||&#8220;][et_pb_text _builder_version=&#8220;4.16&#8243; text_font=&#8220;||||||||&#8220; header_font_size=&#8220;140px&#8220; header_6_font=&#8220;Open Sans|700||on|||||&#8220; header_6_letter_spacing=&#8220;5px&#8220; header_6_line_height=&#8220;1.6em&#8220; background_layout=&#8220;dark&#8220; max_width_tablet=&#8220;100%&#8220; max_width_last_edited=&#8220;off|desktop&#8220; module_alignment=&#8220;left&#8220; animation_style=&#8220;zoom&#8220; animation_intensity_zoom=&#8220;5%&#8220; header_font_tablet=&#8220;&#8220; header_font_phone=&#8220;&#8220; header_font_last_edited=&#8220;on|phone&#8220; header_font_size_tablet=&#8220;80px&#8220; header_font_size_phone=&#8220;60px&#8220; header_font_size_last_edited=&#8220;on|desktop&#8220; header_6_font_size_tablet=&#8220;&#8220; header_6_font_size_phone=&#8220;&#8220; header_6_font_size_last_edited=&#8220;on|desktop&#8220; text_text_shadow_style=&#8220;preset3&#8243; text_text_shadow_blur_strength=&#8220;3em&#8220; text_text_shadow_color=&#8220;rgba(22,29,67,0.24)&#8220; locked=&#8220;off&#8220; global_colors_info=&#8220;{}&#8220; header_5_font_size__hover=&#8220;16px&#8220; header_5_font_size__hover_enabled=&#8220;16px&#8220; header_5_letter_spacing__hover=&#8220;0px&#8220; header_5_letter_spacing__hover_enabled=&#8220;0px&#8220; header_5_line_height__hover=&#8220;1em&#8220; header_5_line_height__hover_enabled=&#8220;1em&#8220; header_5_text_shadow_style__hover=&#8220;none&#8220; header_5_text_shadow_style__hover_enabled=&#8220;none&#8220; header_5_text_shadow_color__hover=&#8220;rgba(0,0,0,0.4)&#8220; header_5_text_shadow_color__hover_enabled=&#8220;rgba(0,0,0,0.4)&#8220;]<\/p>\n<h1>Novi Vinodolski<\/h1>\n<p>[\/et_pb_text][\/et_pb_column][\/et_pb_row][\/et_pb_section][et_pb_section fb_built=&#8220;1&#8243; admin_label=&#8220;Packages&#8220; _builder_version=&#8220;4.16&#8243; custom_padding=&#8220;0|0px|0|0px|false|false&#8220; locked=&#8220;off&#8220; global_colors_info=&#8220;{}&#8220;][et_pb_row column_structure=&#8220;3_5,2_5&#8243; use_custom_gutter=&#8220;on&#8220; gutter_width=&#8220;1&#8243; make_equal=&#8220;on&#8220; padding_top_bottom_link_1=&#8220;false&#8220; padding_left_right_link_1=&#8220;true&#8220; _builder_version=&#8220;4.16&#8243; width=&#8220;100%&#8220; max_width=&#8220;100%&#8220; module_alignment=&#8220;right&#8220; custom_padding=&#8220;0|0px|0px|0px|false|false&#8220; use_custom_width=&#8220;on&#8220; width_unit=&#8220;off&#8220; custom_width_percent=&#8220;100%&#8220; global_colors_info=&#8220;{}&#8220;][et_pb_column type=&#8220;3_5&#8243; _builder_version=&#8220;4.16&#8243; custom_padding=&#8220;80px|8vw|40px|8vw&#8220; custom_padding_tablet=&#8220;||&#8220; custom_padding_last_edited=&#8220;off|desktop&#8220; global_colors_info=&#8220;{}&#8220; padding_tablet=&#8220;||&#8220; padding_last_edited=&#8220;off|desktop&#8220; custom_padding__hover=&#8220;|||&#8220;][et_pb_text _builder_version=&#8220;4.16&#8243; text_font=&#8220;||||||||&#8220; text_line_height=&#8220;2em&#8220; header_font=&#8220;||||||||&#8220; header_2_font_size=&#8220;50px&#8220; header_2_line_height=&#8220;1.4em&#8220; header_3_text_color=&#8220;#0087AE&#8220; header_3_letter_spacing=&#8220;5px&#8220; header_3_line_height=&#8220;1.8em&#8220; max_width=&#8220;600px&#8220; module_alignment=&#8220;center&#8220; animation_style=&#8220;zoom&#8220; animation_intensity_zoom=&#8220;5%&#8220; header_font_size_tablet=&#8220;&#8220; header_font_size_phone=&#8220;&#8220; header_font_size_last_edited=&#8220;on|phone&#8220; header_2_font_size_tablet=&#8220;40px&#8220; header_2_font_size_phone=&#8220;28px&#8220; header_2_font_size_last_edited=&#8220;on|phone&#8220; header_3_font_tablet=&#8220;&#8220; header_3_font_phone=&#8220;&#8220; header_3_font_last_edited=&#8220;on|tablet&#8220; header_3_font_size_tablet=&#8220;&#8220; header_3_font_size_phone=&#8220;&#8220; header_3_font_size_last_edited=&#8220;on|phone&#8220; locked=&#8220;off&#8220; global_colors_info=&#8220;{}&#8220; header_5_font_size__hover=&#8220;16px&#8220; header_5_font_size__hover_enabled=&#8220;16px&#8220; header_5_letter_spacing__hover=&#8220;0px&#8220; header_5_letter_spacing__hover_enabled=&#8220;0px&#8220; header_5_line_height__hover=&#8220;1em&#8220; header_5_line_height__hover_enabled=&#8220;1em&#8220; header_5_text_shadow_style__hover=&#8220;none&#8220; header_5_text_shadow_style__hover_enabled=&#8220;none&#8220; header_5_text_shadow_color__hover=&#8220;rgba(0,0,0,0.4)&#8220; header_5_text_shadow_color__hover_enabled=&#8220;rgba(0,0,0,0.4)&#8220; header_font_size__hover=&#8220;30px&#8220; header_font_size__hover_enabled=&#8220;30px&#8220; header_letter_spacing__hover=&#8220;0px&#8220; header_letter_spacing__hover_enabled=&#8220;0px&#8220; header_text_shadow_style__hover=&#8220;none&#8220; header_text_shadow_style__hover_enabled=&#8220;none&#8220; header_text_shadow_color__hover=&#8220;rgba(0,0,0,0.4)&#8220; header_text_shadow_color__hover_enabled=&#8220;rgba(0,0,0,0.4)&#8220; header_6_font_size__hover=&#8220;14px&#8220; header_6_font_size__hover_enabled=&#8220;14px&#8220; header_6_letter_spacing__hover=&#8220;0px&#8220; header_6_letter_spacing__hover_enabled=&#8220;0px&#8220; header_6_line_height__hover=&#8220;1em&#8220; header_6_line_height__hover_enabled=&#8220;1em&#8220; header_6_text_shadow_style__hover=&#8220;none&#8220; header_6_text_shadow_style__hover_enabled=&#8220;none&#8220; header_6_text_shadow_color__hover=&#8220;rgba(0,0,0,0.4)&#8220; header_6_text_shadow_color__hover_enabled=&#8220;rgba(0,0,0,0.4)&#8220;]<\/p>\n<h2>Novi Vinodolski<\/h2>\n<p class=\"p1\">Besuchen Sie unbedingt Novi Vinodolski, die Heimat des \u201eGesetzbuches von Vinodol\u201c, bei dem es sich um eines der wichtigsten mittelalterlichen europ\u00e4ischen Rechtsdokumente handelt; ebenso seine K\u00fcstennachbarn Povile, Klenovica, Smokvica und Sibinj sowie die Ortschaften im Hinterland, die fr\u00fcher eine Schutzfunktion innehatten: Breze, Krmpote, Donji und Gornji Zagon und Ledenice. Reiche Adelsfamilien, die sich entschlossen hatten, sich in Novi Vinodolski niederzulassen, pr\u00e4gten wesentlich die Geschichte und die Traditionen der gesamten Region.<br \/>\nVerlieren Sie sich in den verwinkelten Stra\u00dfen und Gassen und in der Steinarchitektur voller sakralem Erbe, das uns die Frankopan-Familie hinterlassen hat, sowie voller kulturellem Erbe, das die Handschrift der alteingesessenen Ma\u017eurani\u0107-Familie tr\u00e4gt. Aus ihren Reihen entstammt auch der kroatische Ban b\u00fcrgerlicher Abstammung, Ivan Ma\u017eurani\u0107.<\/p>\n<p>Die Geschichte hat die wichtigsten Geschichten dieser Region verfasst \u2013 und von denen Sie nie genug bekommen werden. Traditionelle Gastronomie, Lebensmittel und Rezepte werden auf moderne Weise pr\u00e4sentiert und doch bewahren sie zugleich die Kochkreativit\u00e4t unserer Gro\u00dfm\u00fctter. Hochwertige Speisen und Weine geh\u00f6ren zu zahlreichen Veranstaltungen, die das ganze Jahr \u00fcber in Novi Vinodolski stattfinden, dazu und vervollst\u00e4ndigen die Erfahrung Ihres Urlaubs am Strand, im oder am Wasser, bei Spazierg\u00e4ngen oder sportlichen Aktivit\u00e4ten, durch Freude und Spa\u00df. <\/p>\n<p>Auch die Wahl vieler Bootsfahrer und Yachtbesitzer f\u00e4llt auf diese Region, nicht nur wegen ihrer Besonderheiten, sondern vor allem auch wegen der modern ausgestatteten Yachth\u00e4fen, die ein H\u00f6chstma\u00df an Service bieten: moderne Liegepl\u00e4tze, Luxusapartments, ausgezeichnete Restaurants sowie zahlreiche weitere Dienstleistungen. In Novi Vinodolski gibt es Hotels mit vielf\u00e4ltigen Angeboten, darunter das Familienhotel \u201eLi\u0161anj\u201c und das \u201eWyndham Grand Novi Resort\u201c.<\/p>\n<p>Neben Str\u00e4nden und Kulturerbe finden Sie auch Angebote f\u00fcr Freizeit- und Profisportler. Ein Morgenlauf am Strand, ein Abendspaziergang oder eine intensive Sportaktivit\u00e4t runden Ihr Erlebnisportfolio ab.<\/p>\n<p>Lassen Sie sich die Veranstaltungen \u201eDie Rose von Vinodol\u201c (kroat. Ru\u017eica Vinodola) und \u201eDurch die Altstadt\u201c (kroat. Okolotorno) nicht entgehen; ebenso wenig einen Besuch des \u201eWeinguts Pavlomir\u201c mit Weinverkostung, einen Ausflug auf die romantische Insel St. Marin mit ihrer gotischen Kapelle, die sich einer gro\u00dfen Beliebtheit als Hochzeitslocation erfreut oder eine Wanderung zu einem der zahlreichen Aussichtspunkte oder zu einem der zu astronomischen und kosmischen Mustern gelegten Himmelslabyrinthe.<br \/>\nDer Novi-Reigen (kroat. Novljansko kolo) und die traditionellen Trachten werden auch diejenigen erfreuen, die sich sonst nicht allzu sehr f\u00fcr traditionelle Auff\u00fchrungen interessieren. Genie\u00dfen Sie auch den \u201eNovi-Mesopust\u201c, ein immaterielles Kulturgut der Republik Kroatien.<\/p>\n<p class=\"p1\">\n<p class=\"p1\"><span class=\"s1\"><\/span><\/p>\n<p>[\/et_pb_text][\/et_pb_column][et_pb_column type=&#8220;2_5&#8243; _builder_version=&#8220;4.16&#8243; custom_padding=&#8220;|||&#8220; global_colors_info=&#8220;{}&#8220; custom_padding__hover=&#8220;|||&#8220;][et_pb_image src=&#8220;https:\/\/crikvenica-vinodol.com\/wp-content\/uploads\/2021\/09\/crikvenicko-vinodolska-rivijera-novi-vinodolski-marina.jpg&#8220; title_text=&#8220;crikvenicko-vinodolska-rivijera-novi-vinodolski-marina&#8220; align_tablet=&#8220;center&#8220; align_phone=&#8220;&#8220; align_last_edited=&#8220;on|desktop&#8220; _builder_version=&#8220;4.16&#8243; max_width_tablet=&#8220;500px&#8220; max_width_phone=&#8220;&#8220; max_width_last_edited=&#8220;on|desktop&#8220; module_alignment=&#8220;left&#8220; border_radii=&#8220;|||14vw|&#8220; global_colors_info=&#8220;{}&#8220;][\/et_pb_image][\/et_pb_column][\/et_pb_row][\/et_pb_section][et_pb_section fb_built=&#8220;1&#8243; custom_padding_last_edited=&#8220;on|phone&#8220; _builder_version=&#8220;4.16&#8243; background_color_gradient_direction=&#8220;200deg&#8220; background_image=&#8220;https:\/\/crikvenica-vinodol.com\/wp-content\/uploads\/2021\/09\/crikvenica-novi-vinodolski-vinodol-destinacija-.jpg&#8220; parallax=&#8220;on&#8220; width=&#8220;60%&#8220; width_tablet=&#8220;100%&#8220; width_phone=&#8220;&#8220; width_last_edited=&#8220;on|phone&#8220; custom_margin=&#8220;0px||||false|false&#8220; custom_margin_tablet=&#8220;10vh||||false|false&#8220; custom_margin_phone=&#8220;&#8220; custom_margin_last_edited=&#8220;on|desktop&#8220; custom_padding=&#8220;20vw||20vw||true|false&#8220; custom_padding_tablet=&#8220;&#8220; custom_padding_phone=&#8220;|0px|||true|false&#8220; animation_style=&#8220;fade&#8220; animation_starting_opacity=&#8220;5%&#8220; animation_speed_curve=&#8220;ease-out&#8220; border_radii=&#8220;off|16vw|||&#8220; global_colors_info=&#8220;{}&#8220;][et_pb_row _builder_version=&#8220;4.16&#8243; custom_margin_tablet=&#8220;0px||0px||true&#8220; custom_margin_phone=&#8220;&#8220; custom_margin_last_edited=&#8220;on|tablet&#8220; custom_padding=&#8220;||||true&#8220; global_colors_info=&#8220;{}&#8220;][et_pb_column type=&#8220;4_4&#8243; _builder_version=&#8220;4.16&#8243; custom_padding=&#8220;|||&#8220; global_colors_info=&#8220;{}&#8220; custom_padding__hover=&#8220;|||&#8220;][et_pb_button button_url=&#8220;https:\/\/www.tz-novi-vinodolski.hr\/de&#8220; url_new_window=&#8220;on&#8220; button_text=&#8220;mehr interessiert f\u00fcr novi vinodolski&#8220; button_alignment=&#8220;center&#8220; button_alignment_tablet=&#8220;&#8220; button_alignment_phone=&#8220;&#8220; button_alignment_last_edited=&#8220;on|desktop&#8220; _builder_version=&#8220;4.17.4&#8243; custom_button=&#8220;on&#8220; button_text_size=&#8220;14px&#8220; button_text_color=&#8220;#ffffff&#8220; button_bg_color=&#8220;#ff9730&#8243; button_bg_color_gradient_type=&#8220;circular&#8220; button_bg_color_gradient_direction_radial=&#8220;top right&#8220; button_bg_color_gradient_stops=&#8220;#20bec6 0%|#36ae71 75%&#8220; button_bg_color_gradient_start=&#8220;#20bec6&#8243; button_bg_color_gradient_end=&#8220;#36ae71&#8243; button_bg_color_gradient_end_position=&#8220;75%&#8220; button_border_width=&#8220;0px&#8220; button_border_color=&#8220;RGBA(0,0,0,0)&#8220; button_border_radius=&#8220;10px&#8220; button_letter_spacing=&#8220;5px&#8220; button_font=&#8220;Open Sans|700||on|||||&#8220; custom_padding=&#8220;30px|30px|30px|30px|true|true&#8220; hover_enabled=&#8220;0&#8243; button_border_radius_hover=&#8220;0px&#8220; locked=&#8220;off&#8220; global_colors_info=&#8220;{}&#8220; button_text_size__hover_enabled=&#8220;off&#8220; button_one_text_size__hover_enabled=&#8220;off&#8220; button_two_text_size__hover_enabled=&#8220;off&#8220; button_text_color__hover_enabled=&#8220;off&#8220; button_one_text_color__hover_enabled=&#8220;off&#8220; button_two_text_color__hover_enabled=&#8220;off&#8220; button_border_width__hover_enabled=&#8220;off&#8220; button_one_border_width__hover_enabled=&#8220;off&#8220; button_two_border_width__hover_enabled=&#8220;off&#8220; button_border_color__hover_enabled=&#8220;off&#8220; button_one_border_color__hover_enabled=&#8220;off&#8220; button_two_border_color__hover_enabled=&#8220;off&#8220; button_border_radius__hover=&#8220;0px&#8220; button_one_border_radius__hover_enabled=&#8220;off&#8220; button_two_border_radius__hover_enabled=&#8220;off&#8220; button_letter_spacing__hover_enabled=&#8220;off&#8220; button_one_letter_spacing__hover_enabled=&#8220;off&#8220; button_two_letter_spacing__hover_enabled=&#8220;off&#8220; button_bg_color__hover_enabled=&#8220;off&#8220; button_one_bg_color__hover_enabled=&#8220;off&#8220; button_two_bg_color__hover_enabled=&#8220;off&#8220; sticky_enabled=&#8220;0&#8243;][\/et_pb_button][\/et_pb_column][\/et_pb_row][\/et_pb_section]<\/p>\n","protected":false},"excerpt":{"rendered":"<p>Novi VinodolskiNovi Vinodolski Besuchen Sie unbedingt Novi Vinodolski, die Heimat des \u201eGesetzbuches von Vinodol\u201c, bei dem es sich um eines der wichtigsten mittelalterlichen europ\u00e4ischen Rechtsdokumente handelt; ebenso seine K\u00fcstennachbarn Povile, Klenovica, Smokvica und Sibinj sowie die Ortschaften im Hinterland, die fr\u00fcher eine Schutzfunktion innehatten: Breze, Krmpote, Donji und Gornji Zagon und Ledenice. Reiche Adelsfamilien, die [&hellip;]<\/p>\n","protected":false},"author":3,"featured_media":0,"parent":1167,"menu_order":0,"comment_status":"closed","ping_status":"closed","template":"","meta":{"_et_pb_use_builder":"on","_et_pb_old_content":"","_et_gb_content_width":"","footnotes":""},"class_list":["post-1173","page","type-page","status-publish","hentry"],"_links":{"self":[{"href":"https:\/\/crikvenica-vinodol.com\/de\/wp-json\/wp\/v2\/pages\/1173"}],"collection":[{"href":"https:\/\/crikvenica-vinodol.com\/de\/wp-json\/wp\/v2\/pages"}],"about":[{"href":"https:\/\/crikvenica-vinodol.com\/de\/wp-json\/wp\/v2\/types\/page"}],"author":[{"embeddable":true,"href":"https:\/\/crikvenica-vinodol.com\/de\/wp-json\/wp\/v2\/users\/3"}],"replies":[{"embeddable":true,"href":"https:\/\/crikvenica-vinodol.com\/de\/wp-json\/wp\/v2\/comments?post=1173"}],"version-history":[{"count":5,"href":"https:\/\/crikvenica-vinodol.com\/de\/wp-json\/wp\/v2\/pages\/1173\/revisions"}],"predecessor-version":[{"id":1974,"href":"https:\/\/crikvenica-vinodol.com\/de\/wp-json\/wp\/v2\/pages\/1173\/revisions\/1974"}],"up":[{"embeddable":true,"href":"https:\/\/crikvenica-vinodol.com\/de\/wp-json\/wp\/v2\/pages\/1167"}],"wp:attachment":[{"href":"https:\/\/crikvenica-vinodol.com\/de\/wp-json\/wp\/v2\/media?parent=1173"}],"curies":[{"name":"wp","href":"https:\/\/api.w.org\/{rel}","templated":true}]}}