{"id":1170,"date":"2021-09-23T09:09:18","date_gmt":"2021-09-23T08:09:18","guid":{"rendered":"https:\/\/crikvenica-vinodol.com\/destinacija\/crikvenica\/"},"modified":"2024-08-19T09:53:54","modified_gmt":"2024-08-19T08:53:54","slug":"crikvenica","status":"publish","type":"page","link":"https:\/\/crikvenica-vinodol.com\/de\/destinazion\/crikvenica\/","title":{"rendered":"Crikvenica"},"content":{"rendered":"<p>[et_pb_section fb_built=&#8220;1&#8243; custom_padding_last_edited=&#8220;on|phone&#8220; _builder_version=&#8220;4.16&#8243; background_color_gradient_direction=&#8220;200deg&#8220; background_image=&#8220;https:\/\/crikvenica-vinodol.com\/wp-content\/uploads\/2021\/09\/crikvenicko-vinodolska-rivijera-grad-crikvenica.jpg&#8220; parallax=&#8220;on&#8220; custom_padding=&#8220;20vw|10vw|20vw|0px|true|false&#8220; custom_padding_tablet=&#8220;&#8220; custom_padding_phone=&#8220;|10vw||&#8220; animation_style=&#8220;fade&#8220; animation_starting_opacity=&#8220;5%&#8220; animation_speed_curve=&#8220;ease-out&#8220; border_radii=&#8220;||||16vw&#8220; global_colors_info=&#8220;{}&#8220;][et_pb_row _builder_version=&#8220;4.16&#8243; global_colors_info=&#8220;{}&#8220;][et_pb_column type=&#8220;4_4&#8243; _builder_version=&#8220;4.16&#8243; custom_padding=&#8220;|||&#8220; global_colors_info=&#8220;{}&#8220; custom_padding__hover=&#8220;|||&#8220;][et_pb_text _builder_version=&#8220;4.16&#8243; text_font=&#8220;||||||||&#8220; header_font_size=&#8220;140px&#8220; header_6_font=&#8220;Open Sans|700||on|||||&#8220; header_6_letter_spacing=&#8220;5px&#8220; header_6_line_height=&#8220;1.6em&#8220; background_layout=&#8220;dark&#8220; max_width_tablet=&#8220;100%&#8220; max_width_last_edited=&#8220;off|desktop&#8220; module_alignment=&#8220;left&#8220; animation_style=&#8220;zoom&#8220; animation_intensity_zoom=&#8220;5%&#8220; header_font_tablet=&#8220;&#8220; header_font_phone=&#8220;&#8220; header_font_last_edited=&#8220;on|phone&#8220; header_font_size_tablet=&#8220;80px&#8220; header_font_size_phone=&#8220;60px&#8220; header_font_size_last_edited=&#8220;on|desktop&#8220; header_6_font_size_tablet=&#8220;&#8220; header_6_font_size_phone=&#8220;&#8220; header_6_font_size_last_edited=&#8220;on|desktop&#8220; text_text_shadow_style=&#8220;preset3&#8243; text_text_shadow_blur_strength=&#8220;3em&#8220; text_text_shadow_color=&#8220;rgba(22,29,67,0.24)&#8220; locked=&#8220;off&#8220; global_colors_info=&#8220;{}&#8220; header_5_font_size__hover=&#8220;16px&#8220; header_5_font_size__hover_enabled=&#8220;16px&#8220; header_5_letter_spacing__hover=&#8220;0px&#8220; header_5_letter_spacing__hover_enabled=&#8220;0px&#8220; header_5_line_height__hover=&#8220;1em&#8220; header_5_line_height__hover_enabled=&#8220;1em&#8220; header_5_text_shadow_style__hover=&#8220;none&#8220; header_5_text_shadow_style__hover_enabled=&#8220;none&#8220; header_5_text_shadow_color__hover=&#8220;rgba(0,0,0,0.4)&#8220; header_5_text_shadow_color__hover_enabled=&#8220;rgba(0,0,0,0.4)&#8220;]<\/p>\n<h1>Crikvenica<\/h1>\n<p>[\/et_pb_text][\/et_pb_column][\/et_pb_row][\/et_pb_section][et_pb_section fb_built=&#8220;1&#8243; admin_label=&#8220;Packages&#8220; _builder_version=&#8220;4.16&#8243; custom_padding=&#8220;0|0px|0|0px|false|false&#8220; locked=&#8220;off&#8220; global_colors_info=&#8220;{}&#8220;][et_pb_row column_structure=&#8220;3_5,2_5&#8243; use_custom_gutter=&#8220;on&#8220; gutter_width=&#8220;1&#8243; make_equal=&#8220;on&#8220; padding_top_bottom_link_1=&#8220;false&#8220; padding_left_right_link_1=&#8220;true&#8220; _builder_version=&#8220;4.16&#8243; width=&#8220;100%&#8220; max_width=&#8220;100%&#8220; module_alignment=&#8220;right&#8220; custom_padding=&#8220;0px|0px|0px|0px|true|false&#8220; use_custom_width=&#8220;on&#8220; width_unit=&#8220;off&#8220; custom_width_percent=&#8220;100%&#8220; global_colors_info=&#8220;{}&#8220;][et_pb_column type=&#8220;3_5&#8243; _builder_version=&#8220;4.16&#8243; custom_padding=&#8220;80px|8vw|40px|8vw&#8220; custom_padding_tablet=&#8220;||&#8220; custom_padding_last_edited=&#8220;off|desktop&#8220; global_colors_info=&#8220;{}&#8220; padding_tablet=&#8220;||&#8220; padding_last_edited=&#8220;off|desktop&#8220; custom_padding__hover=&#8220;|||&#8220;][et_pb_text _builder_version=&#8220;4.17.1&#8243; text_font=&#8220;||||||||&#8220; text_line_height=&#8220;2em&#8220; header_font=&#8220;||||||||&#8220; header_2_font_size=&#8220;50px&#8220; header_2_line_height=&#8220;1.4em&#8220; header_3_text_color=&#8220;#0087AE&#8220; header_3_letter_spacing=&#8220;5px&#8220; header_3_line_height=&#8220;1.8em&#8220; max_width=&#8220;600px&#8220; module_alignment=&#8220;center&#8220; animation_style=&#8220;zoom&#8220; animation_intensity_zoom=&#8220;5%&#8220; header_font_size_tablet=&#8220;&#8220; header_font_size_phone=&#8220;&#8220; header_font_size_last_edited=&#8220;on|phone&#8220; header_2_font_size_tablet=&#8220;40px&#8220; header_2_font_size_phone=&#8220;28px&#8220; header_2_font_size_last_edited=&#8220;on|phone&#8220; header_3_font_tablet=&#8220;&#8220; header_3_font_phone=&#8220;&#8220; header_3_font_last_edited=&#8220;on|tablet&#8220; header_3_font_size_tablet=&#8220;&#8220; header_3_font_size_phone=&#8220;&#8220; header_3_font_size_last_edited=&#8220;on|phone&#8220; locked=&#8220;off&#8220; global_colors_info=&#8220;{}&#8220; header_5_font_size__hover=&#8220;16px&#8220; header_5_font_size__hover_enabled=&#8220;16px&#8220; header_5_letter_spacing__hover=&#8220;0px&#8220; header_5_letter_spacing__hover_enabled=&#8220;0px&#8220; header_5_line_height__hover=&#8220;1em&#8220; header_5_line_height__hover_enabled=&#8220;1em&#8220; header_5_text_shadow_style__hover=&#8220;none&#8220; header_5_text_shadow_style__hover_enabled=&#8220;none&#8220; header_5_text_shadow_color__hover=&#8220;rgba(0,0,0,0.4)&#8220; header_5_text_shadow_color__hover_enabled=&#8220;rgba(0,0,0,0.4)&#8220; header_font_size__hover=&#8220;30px&#8220; header_font_size__hover_enabled=&#8220;30px&#8220; header_letter_spacing__hover=&#8220;0px&#8220; header_letter_spacing__hover_enabled=&#8220;0px&#8220; header_text_shadow_style__hover=&#8220;none&#8220; header_text_shadow_style__hover_enabled=&#8220;none&#8220; header_text_shadow_color__hover=&#8220;rgba(0,0,0,0.4)&#8220; header_text_shadow_color__hover_enabled=&#8220;rgba(0,0,0,0.4)&#8220; header_6_font_size__hover=&#8220;14px&#8220; header_6_font_size__hover_enabled=&#8220;14px&#8220; header_6_letter_spacing__hover=&#8220;0px&#8220; header_6_letter_spacing__hover_enabled=&#8220;0px&#8220; header_6_line_height__hover=&#8220;1em&#8220; header_6_line_height__hover_enabled=&#8220;1em&#8220; header_6_text_shadow_style__hover=&#8220;none&#8220; header_6_text_shadow_style__hover_enabled=&#8220;none&#8220; header_6_text_shadow_color__hover=&#8220;rgba(0,0,0,0.4)&#8220; header_6_text_shadow_color__hover_enabled=&#8220;rgba(0,0,0,0.4)&#8220;]<\/p>\n<h2>Riviera Crikvenica<\/h2>\n<p class=\"p1\">Willkommen in der f\u00fchrenden Gesundheitsdestination, deren Sch\u00f6nheit zu jeder Jahreszeit verzaubert. Heilendes, mildes, mediterranes Klima und ein verspieltes Landschaftsbild gehen Hand in Hand und stellen eine ausgezeichnete Kombination f\u00fcr einen Urlaub mit einem Hauch von Spannung und Aktivit\u00e4t dar. Sie k\u00f6nnen dem Nichtstun fr\u00f6nen oder sich die ganze Zeit aktiv mit etwas besch\u00e4ftigen. Eine Vielzahl sportlicher Aktivit\u00e4ten zu Land und zu Wasser runden Ihren Tag perfekt ab \u2013 vom Radfahren oder schnellen Gehen auf gewundenen Waldwegen, die eine herrliche Aussicht bieten, bis hin zum Angeln und Tauchen. Zahlreiche kulturelle und historische Sehensw\u00fcrdigkeiten werden Sie ermutigen, tiefer in die Vergangenheit einzutauchen, gleichzeitig werden Sie die Geschichten \u00fcber wahre Begebenheiten, die Ihnen freundliche Gastgeber erz\u00e4hlen k\u00f6nnen, bestimmt faszinieren und am\u00fcsieren. Halten Sie inne und genie\u00dfen Sie diese.<\/p>\n<p>Das gastronomische Angebot zahlreicher Tavernen und Restaurants ist reich an nordmediterranen Spezialit\u00e4ten, die von adriatischem Fisch und Meeresfr\u00fcchten \u00fcber Fleisch bis hin zu frischem Gem\u00fcse und Obst reichen. Modern zubereitete Fisch-, Fleisch- und vegetarische Gerichte werden durch sorgf\u00e4ltig ausgew\u00e4hlte Spitzenweine abgerundet. Auch werden Sie sich noch lange an die Veranstaltungen erinnern, bei denen traditionelle Gerichte serviert werden..<\/p>\n<p>Lassen Sie es sich an dieser Riviera mit den sch\u00f6nsten Str\u00e4nden und einer Romantik, die sich in unwiderstehlichen Sonnenunterg\u00e4ngen zeigt, auf keinen Fall den Besuch des Aquariums entgehen, das adriatischen und tropischen Fischen ein Zuhause gibt; ebenso wenig die Veranstaltungen \u201eFettfischstra\u00dfe\u201c und \u201eFischerwoche\u201c, die die alte Tradition des Fischfangs und den Tourismus verbinden, sowie die Winterveranstaltungen Advent und Karneval (Fasching).<\/p>\n<p>Innerhalb des gro\u00dfen Angebotes an unterschiedlichen Unterk\u00fcnften finden Sie bestimmt genau diejenige Unterkunft, die Ihnen am besten zusagt.<\/p>\n<p>Die charmanten Sch\u00f6nheiten am Meer, Crikvenica, Dramalj, Jadranovo und Selce, sind Teil der Riviera, die bereits im 19. Jahrhundert f\u00fcr ihren Gesundheitstourismus ber\u00fchmt war und auch heute noch zu den f\u00fchrenden in Kroatien auf diesem Gebiet geh\u00f6rt.<\/p>\n<p>[\/et_pb_text][\/et_pb_column][et_pb_column type=&#8220;2_5&#8243; _builder_version=&#8220;4.16&#8243; custom_padding=&#8220;|||&#8220; global_colors_info=&#8220;{}&#8220; custom_padding__hover=&#8220;|||&#8220;][et_pb_image src=&#8220;https:\/\/crikvenica-vinodol.com\/wp-content\/uploads\/2021\/08\/grad-crikvenica.jpg&#8220; title_text=&#8220;grad-crikvenica&#8220; align_tablet=&#8220;center&#8220; align_phone=&#8220;&#8220; align_last_edited=&#8220;on|desktop&#8220; _builder_version=&#8220;4.16&#8243; max_width_tablet=&#8220;500px&#8220; max_width_phone=&#8220;&#8220; max_width_last_edited=&#8220;on|desktop&#8220; module_alignment=&#8220;left&#8220; custom_margin_tablet=&#8220;||0vw&#8220; custom_margin_phone=&#8220;&#8220; custom_margin_last_edited=&#8220;on|tablet&#8220; border_radii=&#8220;|||14vw|&#8220; global_colors_info=&#8220;{}&#8220;][\/et_pb_image][\/et_pb_column][\/et_pb_row][\/et_pb_section][et_pb_section fb_built=&#8220;1&#8243; custom_padding_last_edited=&#8220;on|phone&#8220; _builder_version=&#8220;4.16&#8243; background_color_gradient_direction=&#8220;200deg&#8220; background_image=&#8220;https:\/\/crikvenica-vinodol.com\/wp-content\/uploads\/2021\/09\/crikvenica-novi-vinodolski-vinodol-destinacija-.jpg&#8220; parallax=&#8220;on&#8220; width=&#8220;60%&#8220; width_tablet=&#8220;100%&#8220; width_phone=&#8220;&#8220; width_last_edited=&#8220;on|phone&#8220; custom_margin=&#8220;0px||||false|false&#8220; custom_margin_tablet=&#8220;10vh||||false|false&#8220; custom_margin_phone=&#8220;&#8220; custom_margin_last_edited=&#8220;on|desktop&#8220; custom_padding=&#8220;20vw||20vw||true|false&#8220; custom_padding_tablet=&#8220;&#8220; custom_padding_phone=&#8220;|0px|||true|false&#8220; animation_style=&#8220;fade&#8220; animation_starting_opacity=&#8220;5%&#8220; animation_speed_curve=&#8220;ease-out&#8220; border_radii=&#8220;off|16vw|||&#8220; global_colors_info=&#8220;{}&#8220;][et_pb_row _builder_version=&#8220;4.16&#8243; custom_margin_tablet=&#8220;0px||0px||true&#8220; custom_margin_phone=&#8220;&#8220; custom_margin_last_edited=&#8220;on|tablet&#8220; custom_padding=&#8220;||||true&#8220; global_colors_info=&#8220;{}&#8220;][et_pb_column type=&#8220;4_4&#8243; _builder_version=&#8220;4.16&#8243; custom_padding=&#8220;|||&#8220; global_colors_info=&#8220;{}&#8220; custom_padding__hover=&#8220;|||&#8220;][et_pb_button button_url=&#8220;https:\/\/www.rivieracrikvenica.com\/de&#8220; url_new_window=&#8220;on&#8220; button_text=&#8220;mehr interessiert f\u00fcr riviera crikvenica&#8220; button_alignment=&#8220;center&#8220; button_alignment_tablet=&#8220;&#8220; button_alignment_phone=&#8220;&#8220; button_alignment_last_edited=&#8220;on|desktop&#8220; _builder_version=&#8220;4.17.4&#8243; custom_button=&#8220;on&#8220; button_text_size=&#8220;14px&#8220; button_text_color=&#8220;#ffffff&#8220; button_bg_color=&#8220;#ff9730&#8243; button_bg_color_gradient_type=&#8220;circular&#8220; button_bg_color_gradient_direction_radial=&#8220;top right&#8220; button_bg_color_gradient_stops=&#8220;#20bec6 0%|#36ae71 75%&#8220; button_bg_color_gradient_start=&#8220;#20bec6&#8243; button_bg_color_gradient_end=&#8220;#36ae71&#8243; button_bg_color_gradient_end_position=&#8220;75%&#8220; button_border_width=&#8220;0px&#8220; button_border_color=&#8220;RGBA(0,0,0,0)&#8220; button_border_radius=&#8220;10px&#8220; button_letter_spacing=&#8220;5px&#8220; button_font=&#8220;Open Sans|700||on|||||&#8220; custom_padding=&#8220;30px|30px|30px|30px|true|true&#8220; hover_enabled=&#8220;0&#8243; button_border_radius_hover=&#8220;0px&#8220; locked=&#8220;off&#8220; global_colors_info=&#8220;{}&#8220; button_text_size__hover_enabled=&#8220;off&#8220; button_one_text_size__hover_enabled=&#8220;off&#8220; button_two_text_size__hover_enabled=&#8220;off&#8220; button_text_color__hover_enabled=&#8220;off&#8220; button_one_text_color__hover_enabled=&#8220;off&#8220; button_two_text_color__hover_enabled=&#8220;off&#8220; button_border_width__hover_enabled=&#8220;off&#8220; button_one_border_width__hover_enabled=&#8220;off&#8220; button_two_border_width__hover_enabled=&#8220;off&#8220; button_border_color__hover_enabled=&#8220;off&#8220; button_one_border_color__hover_enabled=&#8220;off&#8220; button_two_border_color__hover_enabled=&#8220;off&#8220; button_border_radius__hover=&#8220;0px&#8220; button_one_border_radius__hover_enabled=&#8220;off&#8220; button_two_border_radius__hover_enabled=&#8220;off&#8220; button_letter_spacing__hover_enabled=&#8220;off&#8220; button_one_letter_spacing__hover_enabled=&#8220;off&#8220; button_two_letter_spacing__hover_enabled=&#8220;off&#8220; button_bg_color__hover_enabled=&#8220;off&#8220; button_one_bg_color__hover_enabled=&#8220;off&#8220; button_two_bg_color__hover_enabled=&#8220;off&#8220; sticky_enabled=&#8220;0&#8243;][\/et_pb_button][\/et_pb_column][\/et_pb_row][\/et_pb_section]<\/p>\n","protected":false},"excerpt":{"rendered":"<p>CrikvenicaRiviera Crikvenica Willkommen in der f\u00fchrenden Gesundheitsdestination, deren Sch\u00f6nheit zu jeder Jahreszeit verzaubert. Heilendes, mildes, mediterranes Klima und ein verspieltes Landschaftsbild gehen Hand in Hand und stellen eine ausgezeichnete Kombination f\u00fcr einen Urlaub mit einem Hauch von Spannung und Aktivit\u00e4t dar. Sie k\u00f6nnen dem Nichtstun fr\u00f6nen oder sich die ganze Zeit aktiv mit etwas besch\u00e4ftigen. [&hellip;]<\/p>\n","protected":false},"author":3,"featured_media":0,"parent":1167,"menu_order":0,"comment_status":"closed","ping_status":"closed","template":"","meta":{"_et_pb_use_builder":"on","_et_pb_old_content":"","_et_gb_content_width":"","footnotes":""},"class_list":["post-1170","page","type-page","status-publish","hentry"],"_links":{"self":[{"href":"https:\/\/crikvenica-vinodol.com\/de\/wp-json\/wp\/v2\/pages\/1170"}],"collection":[{"href":"https:\/\/crikvenica-vinodol.com\/de\/wp-json\/wp\/v2\/pages"}],"about":[{"href":"https:\/\/crikvenica-vinodol.com\/de\/wp-json\/wp\/v2\/types\/page"}],"author":[{"embeddable":true,"href":"https:\/\/crikvenica-vinodol.com\/de\/wp-json\/wp\/v2\/users\/3"}],"replies":[{"embeddable":true,"href":"https:\/\/crikvenica-vinodol.com\/de\/wp-json\/wp\/v2\/comments?post=1170"}],"version-history":[{"count":6,"href":"https:\/\/crikvenica-vinodol.com\/de\/wp-json\/wp\/v2\/pages\/1170\/revisions"}],"predecessor-version":[{"id":1973,"href":"https:\/\/crikvenica-vinodol.com\/de\/wp-json\/wp\/v2\/pages\/1170\/revisions\/1973"}],"up":[{"embeddable":true,"href":"https:\/\/crikvenica-vinodol.com\/de\/wp-json\/wp\/v2\/pages\/1167"}],"wp:attachment":[{"href":"https:\/\/crikvenica-vinodol.com\/de\/wp-json\/wp\/v2\/media?parent=1170"}],"curies":[{"name":"wp","href":"https:\/\/api.w.org\/{rel}","templated":true}]}}